{"id":348,"date":"2026-01-17T23:22:24","date_gmt":"2026-01-17T23:22:24","guid":{"rendered":"https:\/\/dondevamos.com.ar\/wp\/?page_id=348"},"modified":"2026-01-18T16:57:17","modified_gmt":"2026-01-18T16:57:17","slug":"destino-ideal","status":"publish","type":"page","link":"https:\/\/dondevamos.com.ar\/wp\/destino-ideal\/","title":{"rendered":"Destino Ideal"},"content":{"rendered":"<style>h1.wp-block-post-title{display:none}<\/style>\n\n\n<div class=\"wp-block-columns alignwide is-layout-flex wp-container-core-columns-is-layout-28f84493 wp-block-columns-is-layout-flex\">\n<div class=\"wp-block-column is-layout-flow wp-block-column-is-layout-flow\"><nav class=\"is-responsive wp-block-navigation is-layout-flex wp-block-navigation-is-layout-flex\" aria-label=\"Menu Secciones\" \n\t\t data-wp-interactive=\"core\/navigation\" data-wp-context='{\"overlayOpenedBy\":{\"click\":false,\"hover\":false,\"focus\":false},\"type\":\"overlay\",\"roleAttribute\":\"\",\"ariaLabel\":\"Men\\u00fa\"}'><button aria-haspopup=\"dialog\" aria-label=\"Abrir el men\u00fa\" class=\"wp-block-navigation__responsive-container-open\" \n\t\t\t\tdata-wp-on--click=\"actions.openMenuOnClick\"\n\t\t\t\tdata-wp-on--keydown=\"actions.handleMenuKeydown\"\n\t\t\t><svg width=\"24\" height=\"24\" xmlns=\"http:\/\/www.w3.org\/2000\/svg\" viewBox=\"0 0 24 24\" aria-hidden=\"true\" focusable=\"false\"><path d=\"M4 7.5h16v1.5H4z\"><\/path><path d=\"M4 15h16v1.5H4z\"><\/path><\/svg><\/button>\n\t\t\t\t<div class=\"wp-block-navigation__responsive-container\"  id=\"modal-7\" \n\t\t\t\tdata-wp-class--has-modal-open=\"state.isMenuOpen\"\n\t\t\t\tdata-wp-class--is-menu-open=\"state.isMenuOpen\"\n\t\t\t\tdata-wp-watch=\"callbacks.initMenu\"\n\t\t\t\tdata-wp-on--keydown=\"actions.handleMenuKeydown\"\n\t\t\t\tdata-wp-on--focusout=\"actions.handleMenuFocusout\"\n\t\t\t\ttabindex=\"-1\"\n\t\t\t>\n\t\t\t\t\t<div class=\"wp-block-navigation__responsive-close\" tabindex=\"-1\">\n\t\t\t\t\t\t<div class=\"wp-block-navigation__responsive-dialog\" \n\t\t\t\tdata-wp-bind--aria-modal=\"state.ariaModal\"\n\t\t\t\tdata-wp-bind--aria-label=\"state.ariaLabel\"\n\t\t\t\tdata-wp-bind--role=\"state.roleAttribute\"\n\t\t\t>\n\t\t\t\t\t\t\t<button aria-label=\"Cerrar el men\u00fa\" class=\"wp-block-navigation__responsive-container-close\" \n\t\t\t\tdata-wp-on--click=\"actions.closeMenuOnClick\"\n\t\t\t><svg xmlns=\"http:\/\/www.w3.org\/2000\/svg\" viewBox=\"0 0 24 24\" width=\"24\" height=\"24\" aria-hidden=\"true\" focusable=\"false\"><path d=\"m13.06 12 6.47-6.47-1.06-1.06L12 10.94 5.53 4.47 4.47 5.53 10.94 12l-6.47 6.47 1.06 1.06L12 13.06l6.47 6.47 1.06-1.06L13.06 12Z\"><\/path><\/svg><\/button>\n\t\t\t\t\t\t\t<div class=\"wp-block-navigation__responsive-container-content\" \n\t\t\t\tdata-wp-watch=\"callbacks.focusFirstElement\"\n\t\t\t id=\"modal-7-content\">\n\t\t\t\t\t\t\t\t\n<div class=\"wp-block-buttons wp-container-content-9cfa9a5a is-horizontal is-content-justification-center is-layout-flex wp-container-core-buttons-is-layout-e780c520 wp-block-buttons-is-layout-flex\">\n<div class=\"wp-block-button is-style-outline dv-btn-back is-style-outline--1\"><a class=\"wp-block-button__link has-contrast-background-color has-background has-border-color has-accent-3-border-color has-monarch-bc-font-family has-large-font-size has-custom-font-size wp-element-button\" href=\"https:\/\/dondevamos.com.ar\/wp\/actualidad\/\" style=\"border-width:2px;border-top-left-radius:0px;border-top-right-radius:0px;border-bottom-left-radius:0px;border-bottom-right-radius:0px;font-style:normal;font-weight:700\">Actualidad<\/a><\/div>\n\n\n\n<div class=\"wp-block-button is-style-outline dv-btn-back is-style-outline--2\"><a class=\"wp-block-button__link has-contrast-background-color has-background has-border-color has-accent-3-border-color has-monarch-bc-font-family has-large-font-size has-custom-font-size wp-element-button\" href=\"https:\/\/dondevamos.com.ar\/wp\/recorrida\/\" style=\"border-width:2px;border-top-left-radius:0px;border-top-right-radius:0px;border-bottom-left-radius:0px;border-bottom-right-radius:0px;font-style:normal;font-weight:700\">Recorrida<\/a><\/div>\n\n\n\n<div class=\"wp-block-button is-style-outline dv-btn-back is-style-outline--3\"><a class=\"wp-block-button__link has-contrast-background-color has-background has-border-color has-accent-3-border-color has-monarch-bc-font-family has-large-font-size has-custom-font-size wp-element-button\" href=\"https:\/\/dondevamos.com.ar\/wp\/notas\/\" style=\"border-width:2px;border-top-left-radius:0px;border-top-right-radius:0px;border-bottom-left-radius:0px;border-bottom-right-radius:0px;font-style:normal;font-weight:700\">Notas<\/a><\/div>\n\n\n\n<div class=\"wp-block-button is-style-outline dv-btn-back is-style-outline--4\"><a class=\"wp-block-button__link has-contrast-background-color has-background has-border-color has-accent-3-border-color has-monarch-bc-font-family has-large-font-size has-custom-font-size wp-element-button\" href=\"https:\/\/dondevamos.com.ar\/wp\/agenda\/\" style=\"border-width:2px;border-top-left-radius:0px;border-top-right-radius:0px;border-bottom-left-radius:0px;border-bottom-right-radius:0px;font-style:normal;font-weight:700\">Agenda<\/a><\/div>\n\n\n\n<div class=\"wp-block-button is-style-outline dv-btn-back is-style-outline--5\"><a class=\"wp-block-button__link has-contrast-background-color has-background has-border-color has-accent-3-border-color has-monarch-bc-font-family has-large-font-size has-custom-font-size wp-element-button\" href=\"https:\/\/dondevamos.com.ar\/wp\/musica\/\" style=\"border-width:2px;border-top-left-radius:0px;border-top-right-radius:0px;border-bottom-left-radius:0px;border-bottom-right-radius:0px;font-style:normal;font-weight:700\">Musica<\/a><\/div>\n\n\n\n<div class=\"wp-block-button is-style-outline dv-btn-back is-style-outline--6\"><a class=\"wp-block-button__link has-contrast-background-color has-background has-border-color has-accent-3-border-color has-monarch-bc-font-family has-large-font-size has-custom-font-size wp-element-button\" href=\"https:\/\/dondevamos.com.ar\/wp\/moda\/\" style=\"border-width:2px;border-top-left-radius:0px;border-top-right-radius:0px;border-bottom-left-radius:0px;border-bottom-right-radius:0px;font-style:normal;font-weight:700\">MODA<\/a><\/div>\n<\/div>\n\n\t\t\t\t\t\t\t<\/div>\n\t\t\t\t\t\t<\/div>\n\t\t\t\t\t<\/div>\n\t\t\t\t<\/div><\/nav><\/div>\n<\/div>\n\n\n\n<div class=\"wp-block-group alignfull has-global-padding is-layout-constrained wp-block-group-is-layout-constrained\" style=\"margin-top:0;margin-bottom:0;padding-top:var(--wp--preset--spacing--50);padding-bottom:var(--wp--preset--spacing--50)\">\n<div class=\"wp-block-query alignwide is-layout-flow wp-block-query-is-layout-flow\">\n<div class=\"wp-block-group has-global-padding is-layout-constrained wp-block-group-is-layout-constrained\"><\/div>\n\n\n\n<div class=\"wp-block-group is-layout-flow wp-block-group-is-layout-flow\" style=\"padding-top:var(--wp--preset--spacing--50);padding-bottom:var(--wp--preset--spacing--50)\"><ul style=\"text-transform:uppercase;\" class=\"wp-block-post-template has-large-font-size is-layout-grid wp-container-core-post-template-is-layout-3cd8e4d2 wp-block-post-template-is-layout-grid\"><li class=\"wp-block-post post-2426 agenda type-agenda status-publish has-post-thumbnail hentry seccion-actualidad seccion-portada-izquierda\">\n<figure style=\"aspect-ratio:1;\" class=\"wp-block-post-featured-image\"><a href=\"https:\/\/dondevamos.com.ar\/wp\/agenda\/dia-del-animal-6-de-cada-10-hogares-rosarinos-tienen-mascota-y-la-ciudad-se-adapta\/\" target=\"_self\"  ><img loading=\"lazy\" decoding=\"async\" width=\"700\" height=\"700\" src=\"https:\/\/dondevamos.com.ar\/wp\/wp-content\/uploads\/2026\/04\/MAD\u00bfSCOTA.jpg\" class=\"attachment-post-thumbnail size-post-thumbnail wp-post-image\" alt=\"D\u00cdA DEL ANIMAL: 6 DE CADA 10 HOGARES ROSARINOS TIENEN MASCOTA Y LA CIUDAD SE ADAPTA\" style=\"width:100%;height:100%;object-fit:cover;\" srcset=\"https:\/\/dondevamos.com.ar\/wp\/wp-content\/uploads\/2026\/04\/MAD\u00bfSCOTA.jpg 700w, https:\/\/dondevamos.com.ar\/wp\/wp-content\/uploads\/2026\/04\/MAD\u00bfSCOTA-300x300.jpg 300w, https:\/\/dondevamos.com.ar\/wp\/wp-content\/uploads\/2026\/04\/MAD\u00bfSCOTA-150x150.jpg 150w\" sizes=\"auto, (max-width: 700px) 100vw, 700px\" \/><\/a><\/figure>\n\n<h2 style=\"font-style:normal;font-weight:700;letter-spacing:0.4px; padding-top:0;padding-bottom:0;padding-left:0;padding-right:0;margin-top:0;margin-bottom:0;margin-left:0;margin-right:0;\" class=\"wp-block-post-title has-large-font-size has-monarch-bc-font-family\"><a href=\"https:\/\/dondevamos.com.ar\/wp\/agenda\/dia-del-animal-6-de-cada-10-hogares-rosarinos-tienen-mascota-y-la-ciudad-se-adapta\/\" target=\"_self\" >D\u00cdA DEL ANIMAL: 6 DE CADA 10 HOGARES ROSARINOS TIENEN MASCOTA Y LA CIUDAD SE ADAPTA<\/a><\/h2>\n<\/li><li class=\"wp-block-post post-2424 agenda type-agenda status-publish has-post-thumbnail hentry seccion-actualidad seccion-portada-izquierda\">\n<figure style=\"aspect-ratio:1;\" class=\"wp-block-post-featured-image\"><a href=\"https:\/\/dondevamos.com.ar\/wp\/agenda\/trump-publico-una-foto-armado-con-explosiones-de-fondo-y-le-mando-un-ultimatum-a-iran-mas-les-vale-espabilar-pronto\/\" target=\"_self\"  ><img loading=\"lazy\" decoding=\"async\" width=\"700\" height=\"700\" src=\"https:\/\/dondevamos.com.ar\/wp\/wp-content\/uploads\/2026\/04\/NO-MORE.jpg\" class=\"attachment-post-thumbnail size-post-thumbnail wp-post-image\" alt=\"TRUMP PUBLIC\u00d3 UNA FOTO ARMADO CON EXPLOSIONES DE FONDO Y LE MAND\u00d3 UN ULTIM\u00c1TUM A IR\u00c1N: \u00abM\u00c1S LES VALE ESPABILAR PRONTO\u00bb\" style=\"width:100%;height:100%;object-fit:cover;\" srcset=\"https:\/\/dondevamos.com.ar\/wp\/wp-content\/uploads\/2026\/04\/NO-MORE.jpg 700w, https:\/\/dondevamos.com.ar\/wp\/wp-content\/uploads\/2026\/04\/NO-MORE-300x300.jpg 300w, https:\/\/dondevamos.com.ar\/wp\/wp-content\/uploads\/2026\/04\/NO-MORE-150x150.jpg 150w\" sizes=\"auto, (max-width: 700px) 100vw, 700px\" \/><\/a><\/figure>\n\n<h2 style=\"font-style:normal;font-weight:700;letter-spacing:0.4px; padding-top:0;padding-bottom:0;padding-left:0;padding-right:0;margin-top:0;margin-bottom:0;margin-left:0;margin-right:0;\" class=\"wp-block-post-title has-large-font-size has-monarch-bc-font-family\"><a href=\"https:\/\/dondevamos.com.ar\/wp\/agenda\/trump-publico-una-foto-armado-con-explosiones-de-fondo-y-le-mando-un-ultimatum-a-iran-mas-les-vale-espabilar-pronto\/\" target=\"_self\" >TRUMP PUBLIC\u00d3 UNA FOTO ARMADO CON EXPLOSIONES DE FONDO Y LE MAND\u00d3 UN ULTIM\u00c1TUM A IR\u00c1N: \u00abM\u00c1S LES VALE ESPABILAR PRONTO\u00bb<\/a><\/h2>\n<\/li><li class=\"wp-block-post post-2422 agenda type-agenda status-publish has-post-thumbnail hentry seccion-actualidad seccion-portada-izquierda\">\n<figure style=\"aspect-ratio:1;\" class=\"wp-block-post-featured-image\"><a href=\"https:\/\/dondevamos.com.ar\/wp\/agenda\/la-foto-con-musica-de-rocky-como-el-gobierno-armo-la-postal-del-gabinete-antes-del-informe-de-adorni\/\" target=\"_self\"  ><img loading=\"lazy\" decoding=\"async\" width=\"700\" height=\"700\" src=\"https:\/\/dondevamos.com.ar\/wp\/wp-content\/uploads\/2026\/04\/GABINETE.jpg\" class=\"attachment-post-thumbnail size-post-thumbnail wp-post-image\" alt=\"LA FOTO CON M\u00daSICA DE ROCKY: C\u00d3MO EL GOBIERNO ARM\u00d3 LA POSTAL DEL GABINETE ANTES DEL INFORME DE ADORNI\" style=\"width:100%;height:100%;object-fit:cover;\" srcset=\"https:\/\/dondevamos.com.ar\/wp\/wp-content\/uploads\/2026\/04\/GABINETE.jpg 700w, https:\/\/dondevamos.com.ar\/wp\/wp-content\/uploads\/2026\/04\/GABINETE-300x300.jpg 300w, https:\/\/dondevamos.com.ar\/wp\/wp-content\/uploads\/2026\/04\/GABINETE-150x150.jpg 150w\" sizes=\"auto, (max-width: 700px) 100vw, 700px\" \/><\/a><\/figure>\n\n<h2 style=\"font-style:normal;font-weight:700;letter-spacing:0.4px; padding-top:0;padding-bottom:0;padding-left:0;padding-right:0;margin-top:0;margin-bottom:0;margin-left:0;margin-right:0;\" class=\"wp-block-post-title has-large-font-size has-monarch-bc-font-family\"><a href=\"https:\/\/dondevamos.com.ar\/wp\/agenda\/la-foto-con-musica-de-rocky-como-el-gobierno-armo-la-postal-del-gabinete-antes-del-informe-de-adorni\/\" target=\"_self\" >LA FOTO CON M\u00daSICA DE ROCKY: C\u00d3MO EL GOBIERNO ARM\u00d3 LA POSTAL DEL GABINETE ANTES DEL INFORME DE ADORNI<\/a><\/h2>\n<\/li><li class=\"wp-block-post post-2420 agenda type-agenda status-publish has-post-thumbnail hentry seccion-actualidad seccion-portada-izquierda\">\n<figure style=\"aspect-ratio:1;\" class=\"wp-block-post-featured-image\"><a href=\"https:\/\/dondevamos.com.ar\/wp\/agenda\/ataque-antisemita-en-londres-apunalan-a-dos-personas-en-golders-green-y-detienen-al-agresor\/\" target=\"_self\"  ><img loading=\"lazy\" decoding=\"async\" width=\"700\" height=\"700\" src=\"https:\/\/dondevamos.com.ar\/wp\/wp-content\/uploads\/2026\/04\/INGLAND.jpg\" class=\"attachment-post-thumbnail size-post-thumbnail wp-post-image\" alt=\"ATAQUE ANTISEMITA EN LONDRES: APU\u00d1ALAN A DOS PERSONAS EN GOLDERS GREEN Y DETIENEN AL AGRESOR\" style=\"width:100%;height:100%;object-fit:cover;\" srcset=\"https:\/\/dondevamos.com.ar\/wp\/wp-content\/uploads\/2026\/04\/INGLAND.jpg 700w, https:\/\/dondevamos.com.ar\/wp\/wp-content\/uploads\/2026\/04\/INGLAND-300x300.jpg 300w, https:\/\/dondevamos.com.ar\/wp\/wp-content\/uploads\/2026\/04\/INGLAND-150x150.jpg 150w\" sizes=\"auto, (max-width: 700px) 100vw, 700px\" \/><\/a><\/figure>\n\n<h2 style=\"font-style:normal;font-weight:700;letter-spacing:0.4px; padding-top:0;padding-bottom:0;padding-left:0;padding-right:0;margin-top:0;margin-bottom:0;margin-left:0;margin-right:0;\" class=\"wp-block-post-title has-large-font-size has-monarch-bc-font-family\"><a href=\"https:\/\/dondevamos.com.ar\/wp\/agenda\/ataque-antisemita-en-londres-apunalan-a-dos-personas-en-golders-green-y-detienen-al-agresor\/\" target=\"_self\" >ATAQUE ANTISEMITA EN LONDRES: APU\u00d1ALAN A DOS PERSONAS EN GOLDERS GREEN Y DETIENEN AL AGRESOR<\/a><\/h2>\n<\/li><li class=\"wp-block-post post-2418 agenda type-agenda status-publish has-post-thumbnail hentry seccion-actualidad seccion-portada-izquierda\">\n<figure style=\"aspect-ratio:1;\" class=\"wp-block-post-featured-image\"><a href=\"https:\/\/dondevamos.com.ar\/wp\/agenda\/adorni-en-el-congreso-milei-llevo-todo-el-gabinete-la-oposicion-llevo-pochoclos\/\" target=\"_self\"  ><img loading=\"lazy\" decoding=\"async\" width=\"700\" height=\"700\" src=\"https:\/\/dondevamos.com.ar\/wp\/wp-content\/uploads\/2026\/04\/ADORNI-HOY.jpg\" class=\"attachment-post-thumbnail size-post-thumbnail wp-post-image\" alt=\"ADORNI EN EL CONGRESO: MILEI LLEV\u00d3 TODO EL GABINETE, LA OPOSICI\u00d3N LLEV\u00d3 POCHOCLOS\" style=\"width:100%;height:100%;object-fit:cover;\" srcset=\"https:\/\/dondevamos.com.ar\/wp\/wp-content\/uploads\/2026\/04\/ADORNI-HOY.jpg 700w, https:\/\/dondevamos.com.ar\/wp\/wp-content\/uploads\/2026\/04\/ADORNI-HOY-300x300.jpg 300w, https:\/\/dondevamos.com.ar\/wp\/wp-content\/uploads\/2026\/04\/ADORNI-HOY-150x150.jpg 150w\" sizes=\"auto, (max-width: 700px) 100vw, 700px\" \/><\/a><\/figure>\n\n<h2 style=\"font-style:normal;font-weight:700;letter-spacing:0.4px; padding-top:0;padding-bottom:0;padding-left:0;padding-right:0;margin-top:0;margin-bottom:0;margin-left:0;margin-right:0;\" class=\"wp-block-post-title has-large-font-size has-monarch-bc-font-family\"><a href=\"https:\/\/dondevamos.com.ar\/wp\/agenda\/adorni-en-el-congreso-milei-llevo-todo-el-gabinete-la-oposicion-llevo-pochoclos\/\" target=\"_self\" >ADORNI EN EL CONGRESO: MILEI LLEV\u00d3 TODO EL GABINETE, LA OPOSICI\u00d3N LLEV\u00d3 POCHOCLOS<\/a><\/h2>\n<\/li><li class=\"wp-block-post post-2416 agenda type-agenda status-publish has-post-thumbnail hentry seccion-actualidad seccion-portada-izquierda\">\n<figure style=\"aspect-ratio:1;\" class=\"wp-block-post-featured-image\"><a href=\"https:\/\/dondevamos.com.ar\/wp\/agenda\/un-multimillonario-indio-quiere-llevarse-a-india-los-80-hipopotamos-de-pablo-escobar-que-colombia-iba-a-sacrificar\/\" target=\"_self\"  ><img loading=\"lazy\" decoding=\"async\" width=\"700\" height=\"700\" src=\"https:\/\/dondevamos.com.ar\/wp\/wp-content\/uploads\/2026\/04\/INDIO.jpg\" class=\"attachment-post-thumbnail size-post-thumbnail wp-post-image\" alt=\"UN MULTIMILLONARIO INDIO QUIERE LLEVARSE A INDIA LOS 80 HIPOP\u00d3TAMOS DE PABLO ESCOBAR QUE COLOMBIA IBA A SACRIFICAR\" style=\"width:100%;height:100%;object-fit:cover;\" srcset=\"https:\/\/dondevamos.com.ar\/wp\/wp-content\/uploads\/2026\/04\/INDIO.jpg 700w, https:\/\/dondevamos.com.ar\/wp\/wp-content\/uploads\/2026\/04\/INDIO-300x300.jpg 300w, https:\/\/dondevamos.com.ar\/wp\/wp-content\/uploads\/2026\/04\/INDIO-150x150.jpg 150w\" sizes=\"auto, (max-width: 700px) 100vw, 700px\" \/><\/a><\/figure>\n\n<h2 style=\"font-style:normal;font-weight:700;letter-spacing:0.4px; padding-top:0;padding-bottom:0;padding-left:0;padding-right:0;margin-top:0;margin-bottom:0;margin-left:0;margin-right:0;\" class=\"wp-block-post-title has-large-font-size has-monarch-bc-font-family\"><a href=\"https:\/\/dondevamos.com.ar\/wp\/agenda\/un-multimillonario-indio-quiere-llevarse-a-india-los-80-hipopotamos-de-pablo-escobar-que-colombia-iba-a-sacrificar\/\" target=\"_self\" >UN MULTIMILLONARIO INDIO QUIERE LLEVARSE A INDIA LOS 80 HIPOP\u00d3TAMOS DE PABLO ESCOBAR QUE COLOMBIA IBA A SACRIFICAR<\/a><\/h2>\n<\/li><li class=\"wp-block-post post-2414 agenda type-agenda status-publish has-post-thumbnail hentry seccion-actualidad seccion-portada-izquierda\">\n<figure style=\"aspect-ratio:1;\" class=\"wp-block-post-featured-image\"><a href=\"https:\/\/dondevamos.com.ar\/wp\/agenda\/jujuy-a-punto-nueve-dias-de-gastronomia-vinos-de-altura-y-cocina-colaborativa-del-15-al-24-de-mayo\/\" target=\"_self\"  ><img loading=\"lazy\" decoding=\"async\" width=\"700\" height=\"700\" src=\"https:\/\/dondevamos.com.ar\/wp\/wp-content\/uploads\/2026\/04\/JUJUY.jpg\" class=\"attachment-post-thumbnail size-post-thumbnail wp-post-image\" alt=\"JUJUY A PUNTO: NUEVE D\u00cdAS DE GASTRONOM\u00cdA, VINOS DE ALTURA Y COCINA COLABORATIVA DEL 15 AL 24 DE MAYO\" style=\"width:100%;height:100%;object-fit:cover;\" srcset=\"https:\/\/dondevamos.com.ar\/wp\/wp-content\/uploads\/2026\/04\/JUJUY.jpg 700w, https:\/\/dondevamos.com.ar\/wp\/wp-content\/uploads\/2026\/04\/JUJUY-300x300.jpg 300w, https:\/\/dondevamos.com.ar\/wp\/wp-content\/uploads\/2026\/04\/JUJUY-150x150.jpg 150w\" sizes=\"auto, (max-width: 700px) 100vw, 700px\" \/><\/a><\/figure>\n\n<h2 style=\"font-style:normal;font-weight:700;letter-spacing:0.4px; padding-top:0;padding-bottom:0;padding-left:0;padding-right:0;margin-top:0;margin-bottom:0;margin-left:0;margin-right:0;\" class=\"wp-block-post-title has-large-font-size has-monarch-bc-font-family\"><a href=\"https:\/\/dondevamos.com.ar\/wp\/agenda\/jujuy-a-punto-nueve-dias-de-gastronomia-vinos-de-altura-y-cocina-colaborativa-del-15-al-24-de-mayo\/\" target=\"_self\" >JUJUY A PUNTO: NUEVE D\u00cdAS DE GASTRONOM\u00cdA, VINOS DE ALTURA Y COCINA COLABORATIVA DEL 15 AL 24 DE MAYO<\/a><\/h2>\n<\/li><li class=\"wp-block-post post-2412 agenda type-agenda status-publish has-post-thumbnail hentry\">\n<figure style=\"aspect-ratio:1;\" class=\"wp-block-post-featured-image\"><a href=\"https:\/\/dondevamos.com.ar\/wp\/agenda\/milei-debatio-sobre-keynes-en-el-palacio-libertad-era-un-genio-del-mal-y-el-brazo-ejecutor-de-lo-siniestro\/\" target=\"_self\"  ><img loading=\"lazy\" decoding=\"async\" width=\"700\" height=\"700\" src=\"https:\/\/dondevamos.com.ar\/wp\/wp-content\/uploads\/2026\/04\/KEYNES.jpg\" class=\"attachment-post-thumbnail size-post-thumbnail wp-post-image\" alt=\"MILEI DEBATI\u00d3 SOBRE KEYNES EN EL PALACIO LIBERTAD: \u00abERA UN GENIO DEL MAL Y EL BRAZO EJECUTOR DE LO SINIESTRO\u00bb\" style=\"width:100%;height:100%;object-fit:cover;\" srcset=\"https:\/\/dondevamos.com.ar\/wp\/wp-content\/uploads\/2026\/04\/KEYNES.jpg 700w, https:\/\/dondevamos.com.ar\/wp\/wp-content\/uploads\/2026\/04\/KEYNES-300x300.jpg 300w, https:\/\/dondevamos.com.ar\/wp\/wp-content\/uploads\/2026\/04\/KEYNES-150x150.jpg 150w\" sizes=\"auto, (max-width: 700px) 100vw, 700px\" \/><\/a><\/figure>\n\n<h2 style=\"font-style:normal;font-weight:700;letter-spacing:0.4px; padding-top:0;padding-bottom:0;padding-left:0;padding-right:0;margin-top:0;margin-bottom:0;margin-left:0;margin-right:0;\" class=\"wp-block-post-title has-large-font-size has-monarch-bc-font-family\"><a href=\"https:\/\/dondevamos.com.ar\/wp\/agenda\/milei-debatio-sobre-keynes-en-el-palacio-libertad-era-un-genio-del-mal-y-el-brazo-ejecutor-de-lo-siniestro\/\" target=\"_self\" >MILEI DEBATI\u00d3 SOBRE KEYNES EN EL PALACIO LIBERTAD: \u00abERA UN GENIO DEL MAL Y EL BRAZO EJECUTOR DE LO SINIESTRO\u00bb<\/a><\/h2>\n<\/li><li class=\"wp-block-post post-2410 agenda type-agenda status-publish has-post-thumbnail hentry seccion-actualidad seccion-portada-izquierda\">\n<figure style=\"aspect-ratio:1;\" class=\"wp-block-post-featured-image\"><a href=\"https:\/\/dondevamos.com.ar\/wp\/agenda\/santa-fe-suma-un-parque-solar-de-20-mw-en-ceres-el-enre-autorizo-su-conexion-a-la-red-nacional\/\" target=\"_self\"  ><img loading=\"lazy\" decoding=\"async\" width=\"700\" height=\"700\" src=\"https:\/\/dondevamos.com.ar\/wp\/wp-content\/uploads\/2026\/04\/LUZ.jpg\" class=\"attachment-post-thumbnail size-post-thumbnail wp-post-image\" alt=\"\u00a0SANTA FE SUMA UN PARQUE SOLAR DE 20 MW EN CERES: EL ENRE AUTORIZ\u00d3 SU CONEXI\u00d3N A LA RED NACIONAL\" style=\"width:100%;height:100%;object-fit:cover;\" srcset=\"https:\/\/dondevamos.com.ar\/wp\/wp-content\/uploads\/2026\/04\/LUZ.jpg 700w, https:\/\/dondevamos.com.ar\/wp\/wp-content\/uploads\/2026\/04\/LUZ-300x300.jpg 300w, https:\/\/dondevamos.com.ar\/wp\/wp-content\/uploads\/2026\/04\/LUZ-150x150.jpg 150w\" sizes=\"auto, (max-width: 700px) 100vw, 700px\" \/><\/a><\/figure>\n\n<h2 style=\"font-style:normal;font-weight:700;letter-spacing:0.4px; padding-top:0;padding-bottom:0;padding-left:0;padding-right:0;margin-top:0;margin-bottom:0;margin-left:0;margin-right:0;\" class=\"wp-block-post-title has-large-font-size has-monarch-bc-font-family\"><a href=\"https:\/\/dondevamos.com.ar\/wp\/agenda\/santa-fe-suma-un-parque-solar-de-20-mw-en-ceres-el-enre-autorizo-su-conexion-a-la-red-nacional\/\" target=\"_self\" >\u00a0SANTA FE SUMA UN PARQUE SOLAR DE 20 MW EN CERES: EL ENRE AUTORIZ\u00d3 SU CONEXI\u00d3N A LA RED NACIONAL<\/a><\/h2>\n<\/li><\/ul><\/div>\n\n\n\n<div class=\"wp-block-group is-layout-flow wp-block-group-is-layout-flow\"><nav class=\"alignfull wp-block-query-pagination is-content-justification-space-between is-layout-flex wp-container-core-query-pagination-is-layout-b2891da8 wp-block-query-pagination-is-layout-flex\" aria-label=\"Paginaci\u00f3n\">\n\n\n<div style=\"font-style:normal;font-weight:700;letter-spacing:3px;\" class=\"wp-block-query-pagination-numbers has-x-large-font-size has-monarch-bc-font-family\"><span aria-current=\"page\" class=\"page-numbers current\">1<\/span>\n<a class=\"page-numbers\" href=\"?query-52-page=2\">2<\/a>\n<a class=\"page-numbers\" href=\"?query-52-page=3\">3<\/a>\n<span class=\"page-numbers dots\">&hellip;<\/span>\n<a class=\"page-numbers\" href=\"?query-52-page=82\">82<\/a><\/div>\n\n<a href=\"\/wp\/wp-json\/wp\/v2\/pages\/348?query-52-page=2\" style=\"letter-spacing:0.3px;\" class=\"wp-block-query-pagination-next has-large-font-size has-monarch-bc-font-family\">P\u00e1gina siguiente<span class='wp-block-query-pagination-next-arrow is-arrow-arrow' aria-hidden='true'>\u2192<\/span><\/a>\n<\/nav><\/div>\n<\/div>\n<\/div>\n\n\n\n\n","protected":false},"excerpt":{"rendered":"<p>Top Categories Anthuriums Cactus Sunflowers Instagram @example<\/p>\n","protected":false},"author":2,"featured_media":0,"parent":0,"menu_order":0,"comment_status":"closed","ping_status":"closed","template":"","meta":{"_acf_changed":false,"footnotes":""},"class_list":["post-348","page","type-page","status-publish","hentry"],"acf":[],"mb":[],"mfb_rest_fields":["title"],"_links":{"self":[{"href":"https:\/\/dondevamos.com.ar\/wp\/wp-json\/wp\/v2\/pages\/348","targetHints":{"allow":["GET"]}}],"collection":[{"href":"https:\/\/dondevamos.com.ar\/wp\/wp-json\/wp\/v2\/pages"}],"about":[{"href":"https:\/\/dondevamos.com.ar\/wp\/wp-json\/wp\/v2\/types\/page"}],"author":[{"embeddable":true,"href":"https:\/\/dondevamos.com.ar\/wp\/wp-json\/wp\/v2\/users\/2"}],"replies":[{"embeddable":true,"href":"https:\/\/dondevamos.com.ar\/wp\/wp-json\/wp\/v2\/comments?post=348"}],"version-history":[{"count":14,"href":"https:\/\/dondevamos.com.ar\/wp\/wp-json\/wp\/v2\/pages\/348\/revisions"}],"predecessor-version":[{"id":511,"href":"https:\/\/dondevamos.com.ar\/wp\/wp-json\/wp\/v2\/pages\/348\/revisions\/511"}],"wp:attachment":[{"href":"https:\/\/dondevamos.com.ar\/wp\/wp-json\/wp\/v2\/media?parent=348"}],"curies":[{"name":"wp","href":"https:\/\/api.w.org\/{rel}","templated":true}]}}